{"id":6981,"date":"2025-06-19T13:48:20","date_gmt":"2025-06-19T13:48:20","guid":{"rendered":"https:\/\/earthfoundation.it\/shop\/autumn-en-423\/"},"modified":"2025-06-19T13:48:20","modified_gmt":"2025-06-19T13:48:20","slug":"autumn-en-423","status":"publish","type":"product","link":"https:\/\/earthfoundation.it\/en\/shop\/autumn-en-423\/","title":{"rendered":"Autumn"},"content":{"rendered":"<p>Queste fotografie appartengono alla serie Servabo, che \u00e8 una collezione di frammenti del quotidiano dell\u2019artista, ma allo stesso tempo \u00e8 la materializzazione di ci\u00f2 che egli immagina e ricorda. Le immagini esplicitano la necessit\u00e0 di stabilire un contatto visivo con la propria terra, con le proprie radici.<\/p>\n","protected":false},"excerpt":{"rendered":"<p>Queste fotografie appartengono alla serie Servabo, che \u00e8 una collezione di frammenti del quotidiano dell\u2019artista, ma allo stesso tempo \u00e8 la materializzazione di ci\u00f2 che egli immagina e ricorda. Le immagini esplicitano la necessit\u00e0 di stabilire un contatto visivo con la propria terra, con le proprie radici.<\/p>\n","protected":false},"featured_media":6077,"template":"","meta":{"_acf_changed":false},"product_cat":[371],"product_tag":[],"class_list":["post-6981","product","type-product","status-publish","has-post-thumbnail","hentry","product_cat-photography","tipovendita-nuovo","negozio-27"],"acf":[],"_links":{"self":[{"href":"https:\/\/earthfoundation.it\/en\/wp-json\/wp\/v2\/product\/6981","targetHints":{"allow":["GET"]}}],"collection":[{"href":"https:\/\/earthfoundation.it\/en\/wp-json\/wp\/v2\/product"}],"about":[{"href":"https:\/\/earthfoundation.it\/en\/wp-json\/wp\/v2\/types\/product"}],"wp:featuredmedia":[{"embeddable":true,"href":"https:\/\/earthfoundation.it\/en\/wp-json\/wp\/v2\/media\/6077"}],"wp:attachment":[{"href":"https:\/\/earthfoundation.it\/en\/wp-json\/wp\/v2\/media?parent=6981"}],"wp:term":[{"taxonomy":"product_cat","embeddable":true,"href":"https:\/\/earthfoundation.it\/en\/wp-json\/wp\/v2\/product_cat?post=6981"},{"taxonomy":"product_tag","embeddable":true,"href":"https:\/\/earthfoundation.it\/en\/wp-json\/wp\/v2\/product_tag?post=6981"}],"curies":[{"name":"wp","href":"https:\/\/api.w.org\/{rel}","templated":true}]}}