{"id":6971,"date":"2025-06-19T13:46:43","date_gmt":"2025-06-19T13:46:43","guid":{"rendered":"https:\/\/earthfoundation.it\/shop\/orto-en-421\/"},"modified":"2025-06-19T13:46:43","modified_gmt":"2025-06-19T13:46:43","slug":"orto-en-421","status":"publish","type":"product","link":"https:\/\/earthfoundation.it\/en\/shop\/orto-en-421\/","title":{"rendered":"Orto"},"content":{"rendered":"<p>Nella serie Orto, Caneve non racconta il pianeta dal punto di vista dell\u2019uomo, o a partire dal mondo animale. Sposta invece l\u2019attenzione sulle forme di vita vegetali che narrano, cos\u00ec, un viaggio attraverso la vegetazione della Terra, dandone una rappresentazione della ricchezza (o povert\u00e0) di biodiversit\u00e0 presente in ciascuna fascia climatica.<\/p>\n","protected":false},"excerpt":{"rendered":"<p>Nella serie Orto, Caneve non racconta il pianeta dal punto di vista dell\u2019uomo, o a partire dal mondo animale. Sposta invece l\u2019attenzione sulle forme di vita vegetali che narrano, cos\u00ec, un viaggio attraverso la vegetazione della Terra, dandone una rappresentazione della ricchezza (o povert\u00e0) di biodiversit\u00e0 presente in ciascuna fascia climatica.<\/p>\n","protected":false},"featured_media":6071,"template":"","meta":{"_acf_changed":false},"product_cat":[371],"product_tag":[],"class_list":["post-6971","product","type-product","status-publish","has-post-thumbnail","hentry","product_cat-photography","tipovendita-nuovo","negozio-27"],"acf":[],"_links":{"self":[{"href":"https:\/\/earthfoundation.it\/en\/wp-json\/wp\/v2\/product\/6971","targetHints":{"allow":["GET"]}}],"collection":[{"href":"https:\/\/earthfoundation.it\/en\/wp-json\/wp\/v2\/product"}],"about":[{"href":"https:\/\/earthfoundation.it\/en\/wp-json\/wp\/v2\/types\/product"}],"wp:featuredmedia":[{"embeddable":true,"href":"https:\/\/earthfoundation.it\/en\/wp-json\/wp\/v2\/media\/6071"}],"wp:attachment":[{"href":"https:\/\/earthfoundation.it\/en\/wp-json\/wp\/v2\/media?parent=6971"}],"wp:term":[{"taxonomy":"product_cat","embeddable":true,"href":"https:\/\/earthfoundation.it\/en\/wp-json\/wp\/v2\/product_cat?post=6971"},{"taxonomy":"product_tag","embeddable":true,"href":"https:\/\/earthfoundation.it\/en\/wp-json\/wp\/v2\/product_tag?post=6971"}],"curies":[{"name":"wp","href":"https:\/\/api.w.org\/{rel}","templated":true}]}}