{"id":6943,"date":"2025-06-19T13:29:32","date_gmt":"2025-06-19T13:29:32","guid":{"rendered":"https:\/\/earthfoundation.it\/shop\/globetrotter-1-en-397\/"},"modified":"2025-06-19T13:29:33","modified_gmt":"2025-06-19T13:29:33","slug":"globetrotter-1-en-397","status":"publish","type":"product","link":"https:\/\/earthfoundation.it\/en\/shop\/globetrotter-1-en-397\/","title":{"rendered":"Globetrotter 1"},"content":{"rendered":"<p>Lo scatto \u00e8 tratto da un reportage fatto da Camillo Pasquarelli insieme e Nikita Teryoshin per FOCUS Magazine. I due erano a Bologna, luogo di nascita del sugo pi\u00f9 famoso al mondo: il rag\u00f9. Il ristorante scelto \u00e8 Oltre, fondato da Daniele Bendanti dal 2016.<\/p>\n","protected":false},"excerpt":{"rendered":"<p>Lo scatto \u00e8 tratto da un reportage fatto da Camillo Pasquarelli insieme e Nikita Teryoshin per FOCUS Magazine. I due erano a Bologna, luogo di nascita del sugo pi\u00f9 famoso al mondo: il rag\u00f9. Il ristorante scelto \u00e8 Oltre, fondato da Daniele Bendanti dal 2016.<\/p>\n","protected":false},"featured_media":6020,"template":"","meta":{"_acf_changed":false},"product_cat":[371],"product_tag":[],"class_list":["post-6943","product","type-product","status-publish","has-post-thumbnail","hentry","product_cat-photography","tipovendita-nuovo","negozio-27"],"acf":[],"_links":{"self":[{"href":"https:\/\/earthfoundation.it\/en\/wp-json\/wp\/v2\/product\/6943","targetHints":{"allow":["GET"]}}],"collection":[{"href":"https:\/\/earthfoundation.it\/en\/wp-json\/wp\/v2\/product"}],"about":[{"href":"https:\/\/earthfoundation.it\/en\/wp-json\/wp\/v2\/types\/product"}],"wp:featuredmedia":[{"embeddable":true,"href":"https:\/\/earthfoundation.it\/en\/wp-json\/wp\/v2\/media\/6020"}],"wp:attachment":[{"href":"https:\/\/earthfoundation.it\/en\/wp-json\/wp\/v2\/media?parent=6943"}],"wp:term":[{"taxonomy":"product_cat","embeddable":true,"href":"https:\/\/earthfoundation.it\/en\/wp-json\/wp\/v2\/product_cat?post=6943"},{"taxonomy":"product_tag","embeddable":true,"href":"https:\/\/earthfoundation.it\/en\/wp-json\/wp\/v2\/product_tag?post=6943"}],"curies":[{"name":"wp","href":"https:\/\/api.w.org\/{rel}","templated":true}]}}