{"id":6935,"date":"2025-06-19T09:00:21","date_gmt":"2025-06-19T09:00:21","guid":{"rendered":"https:\/\/earthfoundation.it\/shop\/oikeiosis-a-study-of-introspection-en-263\/"},"modified":"2025-06-19T09:00:22","modified_gmt":"2025-06-19T09:00:22","slug":"oikeiosis-a-study-of-introspection-en-263","status":"publish","type":"product","link":"https:\/\/earthfoundation.it\/en\/shop\/oikeiosis-a-study-of-introspection-en-263\/","title":{"rendered":"Oikei\u00f4sis, a study of introspection"},"content":{"rendered":"<p>Oikei\u00f4sis \u00e8 una parola greca che viene utilizzata per indicare l\u2019autorealizzazione attraverso la conoscenza dell\u2019Io interiore e che, nel lavoro dell\u2019artista, ha come tema principale la nozione di memoria. La fotografa, nel suo progetto, utilizza immagini prodotte dall\u2019infanzia fino ad oggi, applicando un processo di alterazione dell\u2019immagine che sembra essere regolata da uno stato di coscienza a volte fragile e malinconico, a volte romantico o acuto, ma mai afferrabile. Le sue fotografie sono scatti realizzati passando tra la folla di un rave, dove i profili umani sono difficilmente riconoscibili: il pubblico diventa una sorta di ecosistema che vive e comunica attraverso immagini e suoni. Le sue fotografie raccontano la forza, la bellezza e la funzionalit\u00e0 del corpo umano, nonch\u00e9 l\u2019amore per la propria specie e per la sua comunit\u00e0.<\/p>\n","protected":false},"excerpt":{"rendered":"<p>Oikei\u00f4sis \u00e8 una parola greca che viene utilizzata per indicare l\u2019autorealizzazione attraverso la conoscenza dell\u2019Io interiore e che, nel lavoro dell\u2019artista, ha come tema principale la nozione di memoria. La fotografa, nel suo progetto, utilizza immagini prodotte dall\u2019infanzia fino ad oggi, applicando un processo di alterazione dell\u2019immagine che sembra essere regolata da uno stato di coscienza a volte fragile e malinconico, a volte romantico o acuto, ma mai afferrabile. Le sue fotografie sono scatti realizzati passando tra la folla di un rave, dove i profili umani sono difficilmente riconoscibili: il pubblico diventa una sorta di ecosistema che vive e comunica attraverso immagini e suoni. Le sue fotografie raccontano la forza, la bellezza e la funzionalit\u00e0 del corpo umano, nonch\u00e9 l\u2019amore per la propria specie e per la sua comunit\u00e0.<\/p>\n","protected":false},"featured_media":5974,"template":"","meta":{"_acf_changed":false},"product_cat":[371],"product_tag":[],"class_list":["post-6935","product","type-product","status-publish","has-post-thumbnail","hentry","product_cat-photography","tipovendita-nuovo","negozio-27"],"acf":[],"_links":{"self":[{"href":"https:\/\/earthfoundation.it\/en\/wp-json\/wp\/v2\/product\/6935","targetHints":{"allow":["GET"]}}],"collection":[{"href":"https:\/\/earthfoundation.it\/en\/wp-json\/wp\/v2\/product"}],"about":[{"href":"https:\/\/earthfoundation.it\/en\/wp-json\/wp\/v2\/types\/product"}],"wp:featuredmedia":[{"embeddable":true,"href":"https:\/\/earthfoundation.it\/en\/wp-json\/wp\/v2\/media\/5974"}],"wp:attachment":[{"href":"https:\/\/earthfoundation.it\/en\/wp-json\/wp\/v2\/media?parent=6935"}],"wp:term":[{"taxonomy":"product_cat","embeddable":true,"href":"https:\/\/earthfoundation.it\/en\/wp-json\/wp\/v2\/product_cat?post=6935"},{"taxonomy":"product_tag","embeddable":true,"href":"https:\/\/earthfoundation.it\/en\/wp-json\/wp\/v2\/product_tag?post=6935"}],"curies":[{"name":"wp","href":"https:\/\/api.w.org\/{rel}","templated":true}]}}