{"id":6823,"date":"2025-06-12T13:25:38","date_gmt":"2025-06-12T13:25:38","guid":{"rendered":"https:\/\/earthfoundation.it\/shop\/catalogo-premio-earth-2024-en-727\/"},"modified":"2025-06-12T13:25:38","modified_gmt":"2025-06-12T13:25:38","slug":"catalogo-premio-earth-2024-en-727","status":"publish","type":"product","link":"https:\/\/earthfoundation.it\/en\/shop\/catalogo-premio-earth-2024-en-727\/","title":{"rendered":"Catalogo Premio EARTH 2024"},"content":{"rendered":"<p>Catalogo dei dieci finalisti della seconda edizione del Premio EARTH<br \/>\nLa Fondazione EARTH dedica il suo premio annuale, indirizzato all&#8217;arte emergente contemporanea, ad un tema della quotidianit\u00e0 che rispecchia i valori alla base della fondazione: inclusivit\u00e0, bellezza, tolleranza e sostenibilit\u00e0.<\/p>\n","protected":false},"excerpt":{"rendered":"<p>Catalogo dei dieci finalisti della seconda edizione del Premio EARTH<br \/>\nLa Fondazione EARTH dedica il suo premio annuale, indirizzato all&#8217;arte emergente contemporanea, ad un tema della quotidianit\u00e0 che rispecchia i valori alla base della fondazione: inclusivit\u00e0, bellezza, tolleranza e sostenibilit\u00e0.<\/p>\n","protected":false},"featured_media":6813,"template":"","meta":{"_acf_changed":false},"product_cat":[158],"product_tag":[],"class_list":["post-6823","product","type-product","status-publish","has-post-thumbnail","hentry","product_cat-books-and-catalogues","tipovendita-nuovo","negozio-27"],"acf":[],"_links":{"self":[{"href":"https:\/\/earthfoundation.it\/en\/wp-json\/wp\/v2\/product\/6823","targetHints":{"allow":["GET"]}}],"collection":[{"href":"https:\/\/earthfoundation.it\/en\/wp-json\/wp\/v2\/product"}],"about":[{"href":"https:\/\/earthfoundation.it\/en\/wp-json\/wp\/v2\/types\/product"}],"wp:featuredmedia":[{"embeddable":true,"href":"https:\/\/earthfoundation.it\/en\/wp-json\/wp\/v2\/media\/6813"}],"wp:attachment":[{"href":"https:\/\/earthfoundation.it\/en\/wp-json\/wp\/v2\/media?parent=6823"}],"wp:term":[{"taxonomy":"product_cat","embeddable":true,"href":"https:\/\/earthfoundation.it\/en\/wp-json\/wp\/v2\/product_cat?post=6823"},{"taxonomy":"product_tag","embeddable":true,"href":"https:\/\/earthfoundation.it\/en\/wp-json\/wp\/v2\/product_tag?post=6823"}],"curies":[{"name":"wp","href":"https:\/\/api.w.org\/{rel}","templated":true}]}}